{"id":903,"date":"2025-05-18T11:16:17","date_gmt":"2025-05-18T11:16:17","guid":{"rendered":"https:\/\/nuggets.esc2learn.com\/?page_id=903"},"modified":"2025-05-18T15:21:26","modified_gmt":"2025-05-18T15:21:26","slug":"m-about","status":"publish","type":"page","link":"https:\/\/nuggets.esc2learn.com\/tr\/m-about\/","title":{"rendered":"Hakk\u0131nda"},"content":{"rendered":"\n<p><\/p>\n\n\n\n<div class=\"wp-block-wpm-language-switcher\"><ul class=\"wpm-language-switcher wpm-switcher-dropdown\"><li class=\"wpm-item-language-main wpm-item-language-en\"><span><img decoding=\"async\" src=\"https:\/\/nuggets.esc2learn.com\/wp-content\/plugins\/wp-multilang\/flags\/tr.png\" alt=\"Turkish\"\/><\/span><ul class=\"wpm-language-dropdown\"><li class=\"wpm-item-language-en\"><a href=\"#\" data-lang=\"en\"><img decoding=\"async\" src=\"https:\/\/nuggets.esc2learn.com\/wp-content\/plugins\/wp-multilang\/flags\/uk.png\" alt=\"English\"\/><\/a><\/li><li class=\"wpm-item-language-fr\"><a href=\"#\" data-lang=\"fr\"><img decoding=\"async\" src=\"https:\/\/nuggets.esc2learn.com\/wp-content\/plugins\/wp-multilang\/flags\/fr.png\" alt=\"French\"\/><\/a><\/li><li class=\"wpm-item-language-it\"><a href=\"#\" data-lang=\"it\"><img decoding=\"async\" src=\"https:\/\/nuggets.esc2learn.com\/wp-content\/plugins\/wp-multilang\/flags\/it.png\" alt=\"Italian\"\/><\/a><\/li><li class=\"wpm-item-language-el\"><a href=\"#\" data-lang=\"el\"><img decoding=\"async\" src=\"https:\/\/nuggets.esc2learn.com\/wp-content\/plugins\/wp-multilang\/flags\/gr.png\" alt=\"Greek\"\/><\/a><\/li><\/ul><\/li><\/ul><\/div>\n\n\n\n<p>\u03a4\u03bf \u03ad\u03c1\u03b3\u03bf <strong>ESC2Learn+<\/strong> \u03b5\u03af\u03bd\u03b1\u03b9 \u03bc\u03b9\u03b1 \u03b5\u03c5\u03c1\u03c9\u03c0\u03b1\u03ca\u03ba\u03ae \u03c0\u03c1\u03c9\u03c4\u03bf\u03b2\u03bf\u03c5\u03bb\u03af\u03b1 \u03c0\u03bf\u03c5 \u03c3\u03c4\u03bf\u03c7\u03b5\u03cd\u03b5\u03b9 \u03c3\u03c4\u03bf\u03bd \u03b5\u03ba\u03c3\u03c5\u03b3\u03c7\u03c1\u03bf\u03bd\u03b9\u03c3\u03bc\u03cc \u03c4\u03b7\u03c2 \u03b5\u03ba\u03c0\u03b1\u03af\u03b4\u03b5\u03c5\u03c3\u03b7\u03c2 \u03ba\u03b1\u03b9 \u03c4\u03b7\u03c2 \u03c5\u03c0\u03bf\u03c3\u03c4\u03ae\u03c1\u03b9\u03be\u03b7\u03c2 \u03c4\u03c9\u03bd \u03bd\u03ad\u03c9\u03bd \u03c3\u03c4\u03bf \u03c4\u03b1\u03be\u03af\u03b4\u03b9 \u03c4\u03bf\u03c5\u03c2 \u03c3\u03c4\u03bf\u03bd \u03b5\u03b8\u03b5\u03bb\u03bf\u03bd\u03c4\u03b9\u03c3\u03bc\u03cc. \u0392\u03b1\u03c3\u03b9\u03c3\u03bc\u03ad\u03bd\u03bf \u03c3\u03c4\u03b7\u03bd \u03b5\u03c0\u03b9\u03c4\u03c5\u03c7\u03af\u03b1 \u03c4\u03b7\u03c2 \u03c0\u03bb\u03b1\u03c4\u03c6\u03cc\u03c1\u03bc\u03b1\u03c2 ESC2Learn, \u03c4\u03bf \u03ad\u03c1\u03b3\u03bf \u03b1\u03c5\u03c4\u03cc \u03b5\u03b9\u03c3\u03ac\u03b3\u03b5\u03b9 \u03bd\u03ad\u03b1 \u03b5\u03c1\u03b3\u03b1\u03bb\u03b5\u03af\u03b1 \u2013 \u03bc\u03b5\u03c4\u03b1\u03be\u03cd \u03c4\u03c9\u03bd \u03bf\u03c0\u03bf\u03af\u03c9\u03bd \u03ba\u03b1\u03b9 \u03bc\u03b9\u03b1 \u03b5\u03b9\u03b4\u03b9\u03ba\u03ac \u03c3\u03c7\u03b5\u03b4\u03b9\u03b1\u03c3\u03bc\u03ad\u03bd\u03b7 \u03b5\u03c6\u03b1\u03c1\u03bc\u03bf\u03b3\u03ae \u03b3\u03b9\u03b1 \u03ba\u03b9\u03bd\u03b7\u03c4\u03ac \u2013 \u03bc\u03b5 \u03c3\u03ba\u03bf\u03c0\u03cc \u03bd\u03b1 \u03b5\u03bd\u03b4\u03c5\u03bd\u03b1\u03bc\u03ce\u03c3\u03b5\u03b9 \u03c4\u03bf\u03c5\u03c2 \u03bd\u03ad\u03bf\u03c5\u03c2 \u03b5\u03b8\u03b5\u03bb\u03bf\u03bd\u03c4\u03ad\u03c2, \u03b9\u03b4\u03b9\u03b1\u03af\u03c4\u03b5\u03c1\u03b1 \u03b5\u03ba\u03b5\u03af\u03bd\u03bf\u03c5\u03c2 \u03c0\u03bf\u03c5 \u03c0\u03c1\u03bf\u03ad\u03c1\u03c7\u03bf\u03bd\u03c4\u03b1\u03b9 \u03b1\u03c0\u03cc \u03bc\u03b5\u03b9\u03bf\u03bd\u03b5\u03ba\u03c4\u03b9\u03ba\u03ac \u03c0\u03b5\u03c1\u03b9\u03b2\u03ac\u03bb\u03bb\u03bf\u03bd\u03c4\u03b1.<\/p>\n\n\n\n<p>\u03a3\u03c4\u03b7\u03bd \u03ba\u03b1\u03c1\u03b4\u03b9\u03ac \u03c4\u03bf\u03c5, \u03c4\u03bf ESC2Learn+ \u03b1\u03bd\u03b1\u03c0\u03c4\u03cd\u03c3\u03c3\u03b5\u03b9 \u03ba\u03b1\u03b9\u03bd\u03bf\u03c4\u03cc\u03bc\u03b5\u03c2 \u03c8\u03b7\u03c6\u03b9\u03b1\u03ba\u03ad\u03c2 \u03bb\u03cd\u03c3\u03b5\u03b9\u03c2 \u03b3\u03b9\u03b1 \u03c4\u03b7\u03bd \u03c5\u03c0\u03bf\u03c3\u03c4\u03ae\u03c1\u03b9\u03be\u03b7 \u03b5\u03b8\u03b5\u03bb\u03bf\u03bd\u03c4\u03b9\u03ba\u03ce\u03bd \u03ba\u03b1\u03b9 \u03b1\u03bb\u03bb\u03b7\u03bb\u03ad\u03b3\u03b3\u03c5\u03c9\u03bd \u03c0\u03c1\u03c9\u03c4\u03bf\u03b2\u03bf\u03c5\u03bb\u03b9\u03ce\u03bd \u03c3\u03b5 \u03cc\u03bb\u03b7 \u03c4\u03b7\u03bd \u0395\u03c5\u03c1\u03ce\u03c0\u03b7. \u0397 \u03b5\u03c6\u03b1\u03c1\u03bc\u03bf\u03b3\u03ae \u03b3\u03b9\u03b1 \u03ba\u03b9\u03bd\u03b7\u03c4\u03ac \u03bb\u03b5\u03b9\u03c4\u03bf\u03c5\u03c1\u03b3\u03b5\u03af \u03c9\u03c2 \u03ad\u03bd\u03b1 \u03ba\u03b5\u03bd\u03c4\u03c1\u03b9\u03ba\u03cc \u03b5\u03c1\u03b3\u03b1\u03bb\u03b5\u03af\u03bf \u03c0\u03bf\u03c5 \u03c0\u03c1\u03bf\u03c3\u03c6\u03ad\u03c1\u03b5\u03b9 \u03c3\u03c4\u03bf\u03c5\u03c2 \u03c7\u03c1\u03ae\u03c3\u03c4\u03b5\u03c2 \u03c0\u03c1\u03cc\u03c3\u03b2\u03b1\u03c3\u03b7 \u03c3\u03b5 \u03b4\u03b9\u03b1\u03b4\u03c1\u03b1\u03c3\u03c4\u03b9\u03ba\u03ac \u03b5\u03ba\u03c0\u03b1\u03b9\u03b4\u03b5\u03c5\u03c4\u03b9\u03ba\u03ac &#8220;nuggets&#8221;, \u03c3\u03b5 \u03ad\u03bd\u03b1\u03bd \u03c7\u03ac\u03c1\u03c4\u03b7 GIS \u03c0\u03bf\u03bb\u03b9\u03c4\u03b9\u03ba\u03ce\u03bd \u03b4\u03c1\u03ac\u03c3\u03b5\u03c9\u03bd \u03ba\u03b1\u03b9 \u03c3\u03b5 \u03b5\u03be\u03b1\u03c4\u03bf\u03bc\u03b9\u03ba\u03b5\u03c5\u03bc\u03ad\u03bd\u03b1 \u03b5\u03c1\u03b3\u03b1\u03bb\u03b5\u03af\u03b1 \u03ba\u03b1\u03b8\u03bf\u03b4\u03ae\u03b3\u03b7\u03c3\u03b7\u03c2. \u039c\u03b5 \u03b5\u03c5\u03ad\u03bb\u03b9\u03ba\u03c4\u03bf, \u03c0\u03c1\u03bf\u03c3\u03b2\u03ac\u03c3\u03b9\u03bc\u03bf \u03ba\u03b1\u03b9 \u03c0\u03b1\u03b9\u03b3\u03bd\u03b9\u03ce\u03b4\u03b7 \u03c0\u03b5\u03c1\u03b9\u03b5\u03c7\u03cc\u03bc\u03b5\u03bd\u03bf, \u03b7 \u03b5\u03c6\u03b1\u03c1\u03bc\u03bf\u03b3\u03ae \u03b2\u03bf\u03b7\u03b8\u03ac \u03c4\u03bf\u03c5\u03c2 \u03bd\u03ad\u03bf\u03c5\u03c2 \u03bd\u03b1 \u03b1\u03bd\u03b1\u03c0\u03c4\u03cd\u03be\u03bf\u03c5\u03bd \u03b4\u03b5\u03be\u03b9\u03cc\u03c4\u03b7\u03c4\u03b5\u03c2, \u03b1\u03c5\u03c4\u03bf\u03c0\u03b5\u03c0\u03bf\u03af\u03b8\u03b7\u03c3\u03b7 \u03ba\u03b1\u03b9 \u03c3\u03c5\u03bd\u03b4\u03ad\u03c3\u03b5\u03b9\u03c2 \u03c0\u03bf\u03c5 \u03c7\u03c1\u03b5\u03b9\u03ac\u03b6\u03bf\u03bd\u03c4\u03b1\u03b9 \u03b3\u03b9\u03b1 \u03bd\u03b1 \u03ad\u03c7\u03bf\u03c5\u03bd \u03bf\u03c5\u03c3\u03b9\u03b1\u03c3\u03c4\u03b9\u03ba\u03cc \u03b1\u03bd\u03c4\u03af\u03ba\u03c4\u03c5\u03c0\u03bf \u03c3\u03c4\u03b9\u03c2 \u03ba\u03bf\u03b9\u03bd\u03cc\u03c4\u03b7\u03c4\u03ad\u03c2 \u03c4\u03bf\u03c5\u03c2.<\/p>\n\n\n\n<p>\u03a4\u03bf \u03ad\u03c1\u03b3\u03bf ESC2Learn+ <strong>\u03c3\u03c5\u03b3\u03c7\u03c1\u03b7\u03bc\u03b1\u03c4\u03bf\u03b4\u03bf\u03c4\u03b5\u03af\u03c4\u03b1\u03b9 \u03b1\u03c0\u03cc \u03c4\u03bf \u03c0\u03c1\u03cc\u03b3\u03c1\u03b1\u03bc\u03bc\u03b1 Erasmus+ \u03c4\u03b7\u03c2 \u0395\u03c5\u03c1\u03c9\u03c0\u03b1\u03ca\u03ba\u03ae\u03c2 \u0388\u03bd\u03c9\u03c3\u03b7\u03c2<\/strong>, \u03c3\u03c4\u03bf \u03c0\u03bb\u03b1\u03af\u03c3\u03b9\u03bf \u03c4\u03b7\u03c2 \u03b4\u03c1\u03ac\u03c3\u03b7\u03c2 <strong>KA220-YOU \u2013 \u03a3\u03c5\u03bd\u03b5\u03c1\u03b3\u03b1\u03c4\u03b9\u03ba\u03ad\u03c2 \u03a3\u03c5\u03bc\u03c0\u03c1\u03ac\u03be\u03b5\u03b9\u03c2 \u03c3\u03c4\u03bf\u03bd \u03a4\u03bf\u03bc\u03ad\u03b1 \u03c4\u03b7\u03c2 \u039d\u03b5\u03bf\u03bb\u03b1\u03af\u03b1\u03c2<\/strong>. \u03a5\u03bb\u03bf\u03c0\u03bf\u03b9\u03b5\u03af\u03c4\u03b1\u03b9 \u03b1\u03c0\u03cc \u03bc\u03b9\u03b1 \u03c0\u03bf\u03b9\u03ba\u03b9\u03bb\u03cc\u03bc\u03bf\u03c1\u03c6\u03b7 \u03ba\u03bf\u03b9\u03bd\u03bf\u03c0\u03c1\u03b1\u03be\u03af\u03b1 \u03bc\u03b5 \u03b5\u03c0\u03b9\u03ba\u03b5\u03c6\u03b1\u03bb\u03ae\u03c2 \u03c4\u03b7\u03bd <strong>AMSED (Association Migration Solidarit\u00e9 &#038; \u00c9change pour le D\u00e9veloppement)<\/strong> \u03c3\u03c4\u03b7 \u0393\u03b1\u03bb\u03bb\u03af\u03b1, \u03c3\u03b5 \u03c3\u03c5\u03bd\u03b5\u03c1\u03b3\u03b1\u03c3\u03af\u03b1 \u03bc\u03b5:<\/p>\n\n\n\n<ul class=\"wp-block-list\">\n<li><strong>Solidarity Tracks (\u0395\u03bb\u03bb\u03ac\u03b4\u03b1)<\/strong><\/li>\n\n\n\n<li><strong>Karaman Youth Club Association (\u03a4\u03bf\u03c5\u03c1\u03ba\u03af\u03b1)<\/strong><\/li>\n\n\n\n<li><strong>ACARBIO \u2013 Associazione Costiera Amalfitana Riserva Biosfera (\u0399\u03c4\u03b1\u03bb\u03af\u03b1)<\/strong><\/li>\n<\/ul>\n\n\n\n<p>\u039c\u03b1\u03b6\u03af, \u03b1\u03c5\u03c4\u03bf\u03af \u03bf\u03b9 \u03b5\u03c4\u03b1\u03af\u03c1\u03bf\u03b9 \u03b4\u03b5\u03c3\u03bc\u03b5\u03cd\u03bf\u03bd\u03c4\u03b1\u03b9 \u03bd\u03b1 \u03b5\u03c6\u03bf\u03b4\u03b9\u03ac\u03c3\u03bf\u03c5\u03bd \u03c4\u03bf\u03c5\u03c2 \u03bd\u03ad\u03bf\u03c5\u03c2 \u03c6\u03bf\u03c1\u03b5\u03af\u03c2 \u03b1\u03bb\u03bb\u03b1\u03b3\u03ae\u03c2 \u03c4\u03b7\u03c2 \u0395\u03c5\u03c1\u03ce\u03c0\u03b7\u03c2 \u03bc\u03b5 \u03c4\u03b1 \u03b5\u03c1\u03b3\u03b1\u03bb\u03b5\u03af\u03b1 \u03ba\u03b1\u03b9 \u03c4\u03b7\u03bd \u03ba\u03b1\u03b8\u03bf\u03b4\u03ae\u03b3\u03b7\u03c3\u03b7 \u03c0\u03bf\u03c5 \u03c7\u03c1\u03b5\u03b9\u03ac\u03b6\u03bf\u03bd\u03c4\u03b1\u03b9 \u03b3\u03b9\u03b1 \u03bd\u03b1 \u03b5\u03be\u03b5\u03bb\u03b9\u03c7\u03b8\u03bf\u03cd\u03bd\u2014\u03b4\u03b9\u03b1\u03b4\u03b9\u03ba\u03c4\u03c5\u03b1\u03ba\u03ac, \u03b4\u03b9\u03b1 \u03b6\u03ce\u03c3\u03b7\u03c2 \u03ba\u03b1\u03b9 \u03bc\u03ad\u03c3\u03b1 \u03c3\u03c4\u03b9\u03c2 \u03ba\u03bf\u03b9\u03bd\u03cc\u03c4\u03b7\u03c4\u03ad\u03c2 \u03c4\u03bf\u03c5\u03c2.<\/p>\n\n\n\n<figure class=\"wp-block-image size-full\"><img loading=\"lazy\" decoding=\"async\" width=\"840\" height=\"165\" src=\"https:\/\/nuggets.esc2learn.com\/wp-content\/uploads\/2025\/05\/all-partners.png\" alt=\"\" class=\"wp-image-907\" srcset=\"https:\/\/nuggets.esc2learn.com\/wp-content\/uploads\/2025\/05\/all-partners.png 840w, https:\/\/nuggets.esc2learn.com\/wp-content\/uploads\/2025\/05\/all-partners-300x59.png 300w, https:\/\/nuggets.esc2learn.com\/wp-content\/uploads\/2025\/05\/all-partners-768x151.png 768w\" sizes=\"auto, (max-width: 840px) 100vw, 840px\" \/><\/figure>\n","protected":false},"excerpt":{"rendered":"<p>\u03a4\u03bf \u03ad\u03c1\u03b3\u03bf ESC2Learn+ \u03b5\u03af\u03bd\u03b1\u03b9 \u03bc\u03b9\u03b1 \u03b5\u03c5\u03c1\u03c9\u03c0\u03b1\u03ca\u03ba\u03ae \u03c0\u03c1\u03c9\u03c4\u03bf\u03b2\u03bf\u03c5\u03bb\u03af\u03b1 \u03c0\u03bf\u03c5 \u03c3\u03c4\u03bf\u03c7\u03b5\u03cd\u03b5\u03b9 \u03c3\u03c4\u03bf\u03bd \u03b5\u03ba\u03c3\u03c5\u03b3\u03c7\u03c1\u03bf\u03bd\u03b9\u03c3\u03bc\u03cc \u03c4\u03b7\u03c2 \u03b5\u03ba\u03c0\u03b1\u03af\u03b4\u03b5\u03c5\u03c3\u03b7\u03c2 \u03ba\u03b1\u03b9 \u03c4\u03b7\u03c2 \u03c5\u03c0\u03bf\u03c3\u03c4\u03ae\u03c1\u03b9\u03be\u03b7\u03c2 \u03c4\u03c9\u03bd \u03bd\u03ad\u03c9\u03bd \u03c3\u03c4\u03bf \u03c4\u03b1\u03be\u03af\u03b4\u03b9 \u03c4\u03bf\u03c5\u03c2 \u03c3\u03c4\u03bf\u03bd \u03b5\u03b8\u03b5\u03bb\u03bf\u03bd\u03c4\u03b9\u03c3\u03bc\u03cc. \u0392\u03b1\u03c3\u03b9\u03c3\u03bc\u03ad\u03bd\u03bf \u03c3\u03c4\u03b7\u03bd \u03b5\u03c0\u03b9\u03c4\u03c5\u03c7\u03af\u03b1 \u03c4\u03b7\u03c2 \u03c0\u03bb\u03b1\u03c4\u03c6\u03cc\u03c1\u03bc\u03b1\u03c2 ESC2Learn, \u03c4\u03bf \u03ad\u03c1\u03b3\u03bf \u03b1\u03c5\u03c4\u03cc \u03b5\u03b9\u03c3\u03ac\u03b3\u03b5\u03b9 \u03bd\u03ad\u03b1 \u03b5\u03c1\u03b3\u03b1\u03bb\u03b5\u03af\u03b1 \u2013 \u03bc\u03b5\u03c4\u03b1\u03be\u03cd \u03c4\u03c9\u03bd \u03bf\u03c0\u03bf\u03af\u03c9\u03bd \u03ba\u03b1\u03b9 \u03bc\u03b9\u03b1 \u03b5\u03b9\u03b4\u03b9\u03ba\u03ac \u03c3\u03c7\u03b5\u03b4\u03b9\u03b1\u03c3\u03bc\u03ad\u03bd\u03b7 \u03b5\u03c6\u03b1\u03c1\u03bc\u03bf\u03b3\u03ae \u03b3\u03b9\u03b1 \u03ba\u03b9\u03bd\u03b7\u03c4\u03ac \u2013 \u03bc\u03b5 \u03c3\u03ba\u03bf\u03c0\u03cc \u03bd\u03b1 \u03b5\u03bd\u03b4\u03c5\u03bd\u03b1\u03bc\u03ce\u03c3\u03b5\u03b9 \u03c4\u03bf\u03c5\u03c2 \u03bd\u03ad\u03bf\u03c5\u03c2 \u03b5\u03b8\u03b5\u03bb\u03bf\u03bd\u03c4\u03ad\u03c2, \u03b9\u03b4\u03b9\u03b1\u03af\u03c4\u03b5\u03c1\u03b1 [&hellip;]<\/p>\n","protected":false},"author":1,"featured_media":0,"parent":0,"menu_order":0,"comment_status":"closed","ping_status":"closed","template":"","meta":{"pagelayer_contact_templates":[],"_pagelayer_content":"","_kadence_starter_templates_imported_post":false,"footnotes":""},"class_list":["post-903","page","type-page","status-publish","hentry"],"_links":{"self":[{"href":"https:\/\/nuggets.esc2learn.com\/tr\/wp-json\/wp\/v2\/pages\/903","targetHints":{"allow":["GET"]}}],"collection":[{"href":"https:\/\/nuggets.esc2learn.com\/tr\/wp-json\/wp\/v2\/pages"}],"about":[{"href":"https:\/\/nuggets.esc2learn.com\/tr\/wp-json\/wp\/v2\/types\/page"}],"author":[{"embeddable":true,"href":"https:\/\/nuggets.esc2learn.com\/tr\/wp-json\/wp\/v2\/users\/1"}],"replies":[{"embeddable":true,"href":"https:\/\/nuggets.esc2learn.com\/tr\/wp-json\/wp\/v2\/comments?post=903"}],"version-history":[{"count":15,"href":"https:\/\/nuggets.esc2learn.com\/tr\/wp-json\/wp\/v2\/pages\/903\/revisions"}],"predecessor-version":[{"id":1031,"href":"https:\/\/nuggets.esc2learn.com\/tr\/wp-json\/wp\/v2\/pages\/903\/revisions\/1031"}],"wp:attachment":[{"href":"https:\/\/nuggets.esc2learn.com\/tr\/wp-json\/wp\/v2\/media?parent=903"}],"curies":[{"name":"wp","href":"https:\/\/api.w.org\/{rel}","templated":true}]}}