{"id":685,"date":"2025-05-16T19:46:46","date_gmt":"2025-05-16T19:46:46","guid":{"rendered":"https:\/\/nuggets.esc2learn.com\/?page_id=685"},"modified":"2025-05-18T15:30:51","modified_gmt":"2025-05-18T15:30:51","slug":"m-nuggets","status":"publish","type":"page","link":"https:\/\/nuggets.esc2learn.com\/tr\/m-nuggets\/","title":{"rendered":"ESC2Learn+ \u00f6\u011frenme nugget&#8217;lar\u0131"},"content":{"rendered":"\n<div class=\"wp-block-wpm-language-switcher\"><ul class=\"wpm-language-switcher wpm-switcher-dropdown\"><li class=\"wpm-item-language-main wpm-item-language-en\"><span><img decoding=\"async\" src=\"https:\/\/nuggets.esc2learn.com\/wp-content\/plugins\/wp-multilang\/flags\/tr.png\" alt=\"Turkish\"\/><\/span><ul class=\"wpm-language-dropdown\"><li class=\"wpm-item-language-en\"><a href=\"#\" data-lang=\"en\"><img decoding=\"async\" src=\"https:\/\/nuggets.esc2learn.com\/wp-content\/plugins\/wp-multilang\/flags\/uk.png\" alt=\"English\"\/><\/a><\/li><li class=\"wpm-item-language-fr\"><a href=\"#\" data-lang=\"fr\"><img decoding=\"async\" src=\"https:\/\/nuggets.esc2learn.com\/wp-content\/plugins\/wp-multilang\/flags\/fr.png\" alt=\"French\"\/><\/a><\/li><li class=\"wpm-item-language-it\"><a href=\"#\" data-lang=\"it\"><img decoding=\"async\" src=\"https:\/\/nuggets.esc2learn.com\/wp-content\/plugins\/wp-multilang\/flags\/it.png\" alt=\"Italian\"\/><\/a><\/li><li class=\"wpm-item-language-el\"><a href=\"#\" data-lang=\"el\"><img decoding=\"async\" src=\"https:\/\/nuggets.esc2learn.com\/wp-content\/plugins\/wp-multilang\/flags\/gr.png\" alt=\"Greek\"\/><\/a><\/li><\/ul><\/li><\/ul><\/div>\n\n\n\n\n\n\n\n<p><\/p>\n\n\n\n\n\n<p><\/p>\n\n\n\n\n\n<p><\/p>\n\n\n\n\n\n<p><\/p>\n\n\n\n\n\n\n\n<p><\/p>\n\n\n\n\n\n<p><\/p>\n\n\n\n\n\n<p><\/p>\n\n\n\n\n\n<p><\/p>\n\n\n\n\n\n\n\n<p><\/p>\n\n\n\n\n\n<p><\/p>\n\n\n\n\n\n<p><\/p>\n\n\n\n\n\n<p><\/p>\n\n\n\n\n\n\n\n<p><\/p>\n\n\n\n<p><\/p>\n\n\n\n\n\n<p><\/p>\n\n\n\n<p><\/p>\n\n\n\n\n\n<p><\/p>\n\n\n\n<p><\/p>\n\n\n\n\n\n<p><\/p>\n\n\n\n<p><\/p>\n\n\n\n\n\n\n\n<p class=\"has-text-align-center\"><\/p>\n\n\n\n<p class=\"has-text-align-center\"><\/p>\n\n\n\n\n\n<div class=\"wp-block-columns is-layout-flex wp-container-core-columns-is-layout-28f84493 wp-block-columns-is-layout-flex\">\n<div class=\"wp-block-column is-layout-flow wp-block-column-is-layout-flow\" style=\"flex-basis:33.33%\">\n<figure class=\"wp-block-image size-full\"><img loading=\"lazy\" decoding=\"async\" width=\"500\" height=\"120\" src=\"https:\/\/nuggets.esc2learn.com\/wp-content\/uploads\/2025\/02\/Logo-ESC2learn-no-bg.png\" alt=\"\" class=\"wp-image-322\" srcset=\"https:\/\/nuggets.esc2learn.com\/wp-content\/uploads\/2025\/02\/Logo-ESC2learn-no-bg.png 500w, https:\/\/nuggets.esc2learn.com\/wp-content\/uploads\/2025\/02\/Logo-ESC2learn-no-bg-300x72.png 300w\" sizes=\"auto, (max-width: 500px) 100vw, 500px\" \/><\/figure>\n<\/div>\n\n\n\n<div class=\"wp-block-column is-layout-flow wp-block-column-is-layout-flow\" style=\"flex-basis:66.66%\">\n<p>Avrupa Birli\u011fi taraf\u0131ndan finanse edilmi\u015ftir. Ancak burada ifade edilen g\u00f6r\u00fc\u015fler ve d\u00fc\u015f\u00fcnceler yaln\u0131zca yazar(lar)a aittir ve Avrupa Birli\u011fi\u2019nin veya Avrupa E\u011fitim ve K\u00fclt\u00fcr Y\u00fcr\u00fctme Ajans\u0131\u2019n\u0131n (EACEA) g\u00f6r\u00fc\u015flerini yans\u0131tmak zorunda de\u011fildir. Avrupa Birli\u011fi ve EACEA bu g\u00f6r\u00fc\u015flerden sorumlu tutulamaz.<\/p>\n<\/div>\n<\/div>\n\n\n\n\n","protected":false},"excerpt":{"rendered":"","protected":false},"author":1,"featured_media":0,"parent":0,"menu_order":0,"comment_status":"closed","ping_status":"closed","template":"","meta":{"pagelayer_contact_templates":[],"_pagelayer_content":"","_kadence_starter_templates_imported_post":false,"footnotes":""},"class_list":["post-685","page","type-page","status-publish","hentry"],"_links":{"self":[{"href":"https:\/\/nuggets.esc2learn.com\/tr\/wp-json\/wp\/v2\/pages\/685","targetHints":{"allow":["GET"]}}],"collection":[{"href":"https:\/\/nuggets.esc2learn.com\/tr\/wp-json\/wp\/v2\/pages"}],"about":[{"href":"https:\/\/nuggets.esc2learn.com\/tr\/wp-json\/wp\/v2\/types\/page"}],"author":[{"embeddable":true,"href":"https:\/\/nuggets.esc2learn.com\/tr\/wp-json\/wp\/v2\/users\/1"}],"replies":[{"embeddable":true,"href":"https:\/\/nuggets.esc2learn.com\/tr\/wp-json\/wp\/v2\/comments?post=685"}],"version-history":[{"count":41,"href":"https:\/\/nuggets.esc2learn.com\/tr\/wp-json\/wp\/v2\/pages\/685\/revisions"}],"predecessor-version":[{"id":1041,"href":"https:\/\/nuggets.esc2learn.com\/tr\/wp-json\/wp\/v2\/pages\/685\/revisions\/1041"}],"wp:attachment":[{"href":"https:\/\/nuggets.esc2learn.com\/tr\/wp-json\/wp\/v2\/media?parent=685"}],"curies":[{"name":"wp","href":"https:\/\/api.w.org\/{rel}","templated":true}]}}