{"id":271,"date":"2025-02-24T09:48:58","date_gmt":"2025-02-24T09:48:58","guid":{"rendered":"https:\/\/nuggets.esc2learn.com\/?page_id=271"},"modified":"2025-04-29T11:59:03","modified_gmt":"2025-04-29T11:59:03","slug":"non-formal-educational-methods-and-activities","status":"publish","type":"page","link":"https:\/\/nuggets.esc2learn.com\/tr\/non-formal-educational-methods-and-activities\/","title":{"rendered":"\u00d6rg\u00fcn Olmayan E\u011fitim Y\u00f6ntemleri ve Etkinlikleri"},"content":{"rendered":"<div class=\"h5p-iframe-wrapper\"><iframe id=\"h5p-iframe-83\" class=\"h5p-iframe\" data-content-id=\"83\" style=\"height:1px\" src=\"about:blank\" frameBorder=\"0\" scrolling=\"no\" title=\"\u00d6rg\u00fcn Olmayan E\u011fitim Y\u00f6ntemleri ve Etkinlikleri\"><\/iframe><\/div>\n\n\n\n<div style=\"height:20px\" aria-hidden=\"true\" class=\"wp-block-spacer\"><\/div>\n\n\n\n<div class=\"wp-block-buttons is-layout-flex wp-block-buttons-is-layout-flex\">\n<div class=\"wp-block-button\"><a class=\"wp-block-button__link wp-element-button\" href=\"https:\/\/nuggets.esc2learn.com\/tr\/\">Ana Sayfa<\/a><\/div>\n\n\n\n<div class=\"wp-block-button\"><a class=\"wp-block-button__link wp-element-button\" href=\"https:\/\/www.esc2learn.org\/elearning\/course\/view.php?id=391\" target=\"_blank\" rel=\"noreferrer noopener\">Bir kursu ziyaret et<\/a><\/div>\n<\/div>\n\n\n\n<p><\/p>\n","protected":false},"excerpt":{"rendered":"","protected":false},"author":1,"featured_media":0,"parent":0,"menu_order":0,"comment_status":"closed","ping_status":"closed","template":"","meta":{"pagelayer_contact_templates":[],"_pagelayer_content":"","_kadence_starter_templates_imported_post":false,"footnotes":""},"class_list":["post-271","page","type-page","status-publish","hentry"],"_links":{"self":[{"href":"https:\/\/nuggets.esc2learn.com\/tr\/wp-json\/wp\/v2\/pages\/271","targetHints":{"allow":["GET"]}}],"collection":[{"href":"https:\/\/nuggets.esc2learn.com\/tr\/wp-json\/wp\/v2\/pages"}],"about":[{"href":"https:\/\/nuggets.esc2learn.com\/tr\/wp-json\/wp\/v2\/types\/page"}],"author":[{"embeddable":true,"href":"https:\/\/nuggets.esc2learn.com\/tr\/wp-json\/wp\/v2\/users\/1"}],"replies":[{"embeddable":true,"href":"https:\/\/nuggets.esc2learn.com\/tr\/wp-json\/wp\/v2\/comments?post=271"}],"version-history":[{"count":9,"href":"https:\/\/nuggets.esc2learn.com\/tr\/wp-json\/wp\/v2\/pages\/271\/revisions"}],"predecessor-version":[{"id":601,"href":"https:\/\/nuggets.esc2learn.com\/tr\/wp-json\/wp\/v2\/pages\/271\/revisions\/601"}],"wp:attachment":[{"href":"https:\/\/nuggets.esc2learn.com\/tr\/wp-json\/wp\/v2\/media?parent=271"}],"curies":[{"name":"wp","href":"https:\/\/api.w.org\/{rel}","templated":true}]}}