{"id":903,"date":"2025-05-18T11:16:17","date_gmt":"2025-05-18T11:16:17","guid":{"rendered":"https:\/\/nuggets.esc2learn.com\/?page_id=903"},"modified":"2025-05-18T15:21:26","modified_gmt":"2025-05-18T15:21:26","slug":"m-about","status":"publish","type":"page","link":"https:\/\/nuggets.esc2learn.com\/it\/m-about\/","title":{"rendered":"Chi siamo"},"content":{"rendered":"\n<p><\/p>\n\n\n\n<div class=\"wp-block-wpm-language-switcher\"><ul class=\"wpm-language-switcher wpm-switcher-dropdown\"><li class=\"wpm-item-language-main wpm-item-language-en\"><span><img decoding=\"async\" src=\"https:\/\/nuggets.esc2learn.com\/wp-content\/plugins\/wp-multilang\/flags\/it.png\" alt=\"Italian\"\/><\/span><ul class=\"wpm-language-dropdown\"><li class=\"wpm-item-language-en\"><a href=\"#\" data-lang=\"en\"><img decoding=\"async\" src=\"https:\/\/nuggets.esc2learn.com\/wp-content\/plugins\/wp-multilang\/flags\/uk.png\" alt=\"English\"\/><\/a><\/li><li class=\"wpm-item-language-fr\"><a href=\"#\" data-lang=\"fr\"><img decoding=\"async\" src=\"https:\/\/nuggets.esc2learn.com\/wp-content\/plugins\/wp-multilang\/flags\/fr.png\" alt=\"French\"\/><\/a><\/li><li class=\"wpm-item-language-el\"><a href=\"#\" data-lang=\"el\"><img decoding=\"async\" src=\"https:\/\/nuggets.esc2learn.com\/wp-content\/plugins\/wp-multilang\/flags\/gr.png\" alt=\"Greek\"\/><\/a><\/li><li class=\"wpm-item-language-tr\"><a href=\"#\" data-lang=\"tr\"><img decoding=\"async\" src=\"https:\/\/nuggets.esc2learn.com\/wp-content\/plugins\/wp-multilang\/flags\/tr.png\" alt=\"Turkish\"\/><\/a><\/li><\/ul><\/li><\/ul><\/div>\n\n\n\n<p>Il progetto <strong>ESC2Learn+<\/strong> \u00e8 un\u2019iniziativa europea volta a modernizzare la formazione e il supporto offerti ai giovani nel loro percorso di volontariato. Sulla base del successo della piattaforma ESC2Learn, questo progetto introduce nuovi strumenti \u2013 tra cui un&#8217;applicazione mobile dedicata \u2013 per rafforzare il ruolo dei giovani volontari, in particolare quelli provenienti da contesti svantaggiati.<\/p>\n\n\n\n<p>ESC2Learn+ sviluppa soluzioni digitali innovative per sostenere iniziative di volontariato e solidariet\u00e0 in tutta Europa. L&#8217;app mobile funge da punto di riferimento centrale, offrendo agli utenti accesso a mini-corsi interattivi, a una mappa GIS delle azioni civiche e a strumenti di mentoring personalizzati. Grazie a contenuti flessibili, accessibili e gamificati, l\u2019app aiuta i giovani a sviluppare competenze, fiducia e relazioni utili per generare un impatto positivo nelle proprie comunit\u00e0.<\/p>\n\n\n\n<p>Il progetto ESC2Learn+ \u00e8 <strong>cofinanziato dal Programma Erasmus+ dell\u2019Unione Europea<\/strong>, nell\u2019ambito dell\u2019azione <strong>KA220-YOU \u2013 Partenariati di cooperazione nel settore della giovent\u00f9<\/strong>. \u00c8 realizzato da un consorzio eterogeneo coordinato da <strong>AMSED (Association Migration Solidarit\u00e9 &#038; \u00c9change pour le D\u00e9veloppement)<\/strong> in Francia, in collaborazione con:<\/p>\n\n\n\n<ul class=\"wp-block-list\">\n<li><strong>Solidarity Tracks (Grecia)<\/strong><\/li>\n\n\n\n<li><strong>Karaman Youth Club Association (Turchia)<\/strong><\/li>\n\n\n\n<li><strong>ACARBIO \u2013 Associazione Costiera Amalfitana Riserva Biosfera (Italia)<\/strong><\/li>\n<\/ul>\n\n\n\n<p>Insieme, questi partner si impegnano a fornire ai giovani protagonisti del cambiamento in Europa gli strumenti e il supporto necessari per crescere\u2014online, offline e nelle loro comunit\u00e0.<\/p>\n\n\n\n<figure class=\"wp-block-image size-full\"><img loading=\"lazy\" decoding=\"async\" width=\"840\" height=\"165\" src=\"https:\/\/nuggets.esc2learn.com\/wp-content\/uploads\/2025\/05\/all-partners.png\" alt=\"\" class=\"wp-image-907\" srcset=\"https:\/\/nuggets.esc2learn.com\/wp-content\/uploads\/2025\/05\/all-partners.png 840w, https:\/\/nuggets.esc2learn.com\/wp-content\/uploads\/2025\/05\/all-partners-300x59.png 300w, https:\/\/nuggets.esc2learn.com\/wp-content\/uploads\/2025\/05\/all-partners-768x151.png 768w\" sizes=\"auto, (max-width: 840px) 100vw, 840px\" \/><\/figure>\n","protected":false},"excerpt":{"rendered":"<p>Il progetto ESC2Learn+ \u00e8 un\u2019iniziativa europea volta a modernizzare la formazione e il supporto offerti ai giovani nel loro percorso di volontariato. Sulla base del successo della piattaforma ESC2Learn, questo progetto introduce nuovi strumenti \u2013 tra cui un&#8217;applicazione mobile dedicata \u2013 per rafforzare il ruolo dei giovani volontari, in particolare quelli provenienti da contesti svantaggiati. [&hellip;]<\/p>\n","protected":false},"author":1,"featured_media":0,"parent":0,"menu_order":0,"comment_status":"closed","ping_status":"closed","template":"","meta":{"pagelayer_contact_templates":[],"_pagelayer_content":"","_kadence_starter_templates_imported_post":false,"footnotes":""},"class_list":["post-903","page","type-page","status-publish","hentry"],"_links":{"self":[{"href":"https:\/\/nuggets.esc2learn.com\/it\/wp-json\/wp\/v2\/pages\/903","targetHints":{"allow":["GET"]}}],"collection":[{"href":"https:\/\/nuggets.esc2learn.com\/it\/wp-json\/wp\/v2\/pages"}],"about":[{"href":"https:\/\/nuggets.esc2learn.com\/it\/wp-json\/wp\/v2\/types\/page"}],"author":[{"embeddable":true,"href":"https:\/\/nuggets.esc2learn.com\/it\/wp-json\/wp\/v2\/users\/1"}],"replies":[{"embeddable":true,"href":"https:\/\/nuggets.esc2learn.com\/it\/wp-json\/wp\/v2\/comments?post=903"}],"version-history":[{"count":15,"href":"https:\/\/nuggets.esc2learn.com\/it\/wp-json\/wp\/v2\/pages\/903\/revisions"}],"predecessor-version":[{"id":1031,"href":"https:\/\/nuggets.esc2learn.com\/it\/wp-json\/wp\/v2\/pages\/903\/revisions\/1031"}],"wp:attachment":[{"href":"https:\/\/nuggets.esc2learn.com\/it\/wp-json\/wp\/v2\/media?parent=903"}],"curies":[{"name":"wp","href":"https:\/\/api.w.org\/{rel}","templated":true}]}}