{"id":903,"date":"2025-05-18T11:16:17","date_gmt":"2025-05-18T11:16:17","guid":{"rendered":"https:\/\/nuggets.esc2learn.com\/?page_id=903"},"modified":"2025-05-18T15:21:26","modified_gmt":"2025-05-18T15:21:26","slug":"m-about","status":"publish","type":"page","link":"https:\/\/nuggets.esc2learn.com\/fr\/m-about\/","title":{"rendered":"\u00c0 propos"},"content":{"rendered":"\n<p><\/p>\n\n\n\n<div class=\"wp-block-wpm-language-switcher\"><ul class=\"wpm-language-switcher wpm-switcher-dropdown\"><li class=\"wpm-item-language-main wpm-item-language-en\"><span><img decoding=\"async\" src=\"https:\/\/nuggets.esc2learn.com\/wp-content\/plugins\/wp-multilang\/flags\/fr.png\" alt=\"French\"\/><\/span><ul class=\"wpm-language-dropdown\"><li class=\"wpm-item-language-en\"><a href=\"#\" data-lang=\"en\"><img decoding=\"async\" src=\"https:\/\/nuggets.esc2learn.com\/wp-content\/plugins\/wp-multilang\/flags\/uk.png\" alt=\"English\"\/><\/a><\/li><li class=\"wpm-item-language-it\"><a href=\"#\" data-lang=\"it\"><img decoding=\"async\" src=\"https:\/\/nuggets.esc2learn.com\/wp-content\/plugins\/wp-multilang\/flags\/it.png\" alt=\"Italian\"\/><\/a><\/li><li class=\"wpm-item-language-el\"><a href=\"#\" data-lang=\"el\"><img decoding=\"async\" src=\"https:\/\/nuggets.esc2learn.com\/wp-content\/plugins\/wp-multilang\/flags\/gr.png\" alt=\"Greek\"\/><\/a><\/li><li class=\"wpm-item-language-tr\"><a href=\"#\" data-lang=\"tr\"><img decoding=\"async\" src=\"https:\/\/nuggets.esc2learn.com\/wp-content\/plugins\/wp-multilang\/flags\/tr.png\" alt=\"Turkish\"\/><\/a><\/li><\/ul><\/li><\/ul><\/div>\n\n\n\n<p>Le projet <strong>ESC2Learn+<\/strong> est une initiative europ\u00e9enne visant \u00e0 moderniser la formation et l\u2019accompagnement des jeunes dans leur parcours de volontariat. S\u2019appuyant sur le succ\u00e8s de la plateforme ESC2Learn, ce projet introduit de nouveaux outils \u2013 dont une application mobile d\u00e9di\u00e9e \u2013 pour autonomiser les jeunes volontaires, en particulier ceux issus de milieux d\u00e9favoris\u00e9s.<\/p>\n\n\n\n<p>Au c\u0153ur du projet, ESC2Learn+ d\u00e9veloppe des solutions num\u00e9riques innovantes pour soutenir les initiatives de volontariat et de solidarit\u00e9 \u00e0 travers l\u2019Europe. L\u2019application mobile constitue un point d\u2019acc\u00e8s central, offrant aux utilisateurs des modules d\u2019apprentissage interactifs, une carte SIG des actions citoyennes, ainsi que des outils de tutorat personnalis\u00e9s. Gr\u00e2ce \u00e0 des contenus flexibles, accessibles et ludiques, l\u2019application aide les jeunes \u00e0 d\u00e9velopper les comp\u00e9tences, la confiance et les connexions n\u00e9cessaires pour avoir un impact significatif dans leurs communaut\u00e9s.<\/p>\n\n\n\n<p>Le projet ESC2Learn+ est <strong>cofinanc\u00e9 par le programme Erasmus+ de l\u2019Union europ\u00e9enne<\/strong>, dans le cadre de l\u2019action <strong>KA220-YOU \u2013 Partenariats de coop\u00e9ration dans le domaine de la jeunesse<\/strong>. Il est mis en \u0153uvre par un consortium diversifi\u00e9 coordonn\u00e9 par <strong>AMSED (Association Migration Solidarit\u00e9 &#038; \u00c9change pour le D\u00e9veloppement)<\/strong> en France, en partenariat avec :<\/p>\n\n\n\n<ul class=\"wp-block-list\">\n<li><strong>Solidarity Tracks (Gr\u00e8ce)<\/strong><\/li>\n\n\n\n<li><strong>Karaman Youth Club Association (Turquie)<\/strong><\/li>\n\n\n\n<li><strong>ACARBIO \u2013 Associazione Costiera Amalfitana Riserva Biosfera (Italie)<\/strong><\/li>\n<\/ul>\n\n\n\n<p>Ensemble, ces partenaires s\u2019engagent \u00e0 doter les jeunes acteurs du changement en Europe des outils et de l\u2019accompagnement n\u00e9cessaires pour s\u2019\u00e9panouir \u2013 en ligne, hors ligne et au sein de leurs communaut\u00e9s.<\/p>\n\n\n\n<figure class=\"wp-block-image size-full\"><img loading=\"lazy\" decoding=\"async\" width=\"840\" height=\"165\" src=\"https:\/\/nuggets.esc2learn.com\/wp-content\/uploads\/2025\/05\/all-partners.png\" alt=\"\" class=\"wp-image-907\" srcset=\"https:\/\/nuggets.esc2learn.com\/wp-content\/uploads\/2025\/05\/all-partners.png 840w, https:\/\/nuggets.esc2learn.com\/wp-content\/uploads\/2025\/05\/all-partners-300x59.png 300w, https:\/\/nuggets.esc2learn.com\/wp-content\/uploads\/2025\/05\/all-partners-768x151.png 768w\" sizes=\"auto, (max-width: 840px) 100vw, 840px\" \/><\/figure>\n","protected":false},"excerpt":{"rendered":"<p>Le projet ESC2Learn+ est une initiative europ\u00e9enne visant \u00e0 moderniser la formation et l\u2019accompagnement des jeunes dans leur parcours de volontariat. S\u2019appuyant sur le succ\u00e8s de la plateforme ESC2Learn, ce projet introduit de nouveaux outils \u2013 dont une application mobile d\u00e9di\u00e9e \u2013 pour autonomiser les jeunes volontaires, en particulier ceux issus de milieux d\u00e9favoris\u00e9s. Au [&hellip;]<\/p>\n","protected":false},"author":1,"featured_media":0,"parent":0,"menu_order":0,"comment_status":"closed","ping_status":"closed","template":"","meta":{"pagelayer_contact_templates":[],"_pagelayer_content":"","_kadence_starter_templates_imported_post":false,"footnotes":""},"class_list":["post-903","page","type-page","status-publish","hentry"],"_links":{"self":[{"href":"https:\/\/nuggets.esc2learn.com\/fr\/wp-json\/wp\/v2\/pages\/903","targetHints":{"allow":["GET"]}}],"collection":[{"href":"https:\/\/nuggets.esc2learn.com\/fr\/wp-json\/wp\/v2\/pages"}],"about":[{"href":"https:\/\/nuggets.esc2learn.com\/fr\/wp-json\/wp\/v2\/types\/page"}],"author":[{"embeddable":true,"href":"https:\/\/nuggets.esc2learn.com\/fr\/wp-json\/wp\/v2\/users\/1"}],"replies":[{"embeddable":true,"href":"https:\/\/nuggets.esc2learn.com\/fr\/wp-json\/wp\/v2\/comments?post=903"}],"version-history":[{"count":15,"href":"https:\/\/nuggets.esc2learn.com\/fr\/wp-json\/wp\/v2\/pages\/903\/revisions"}],"predecessor-version":[{"id":1031,"href":"https:\/\/nuggets.esc2learn.com\/fr\/wp-json\/wp\/v2\/pages\/903\/revisions\/1031"}],"wp:attachment":[{"href":"https:\/\/nuggets.esc2learn.com\/fr\/wp-json\/wp\/v2\/media?parent=903"}],"curies":[{"name":"wp","href":"https:\/\/api.w.org\/{rel}","templated":true}]}}