{"id":737,"date":"2025-05-16T20:33:00","date_gmt":"2025-05-16T20:33:00","guid":{"rendered":"https:\/\/nuggets.esc2learn.com\/?page_id=737"},"modified":"2025-05-16T20:33:00","modified_gmt":"2025-05-16T20:33:00","slug":"non-formal-educational-methods-and-activities","status":"publish","type":"page","link":"https:\/\/nuggets.esc2learn.com\/fr\/m-nuggets\/non-formal-educational-methods-and-activities\/","title":{"rendered":"M\u00e9thodes et activit\u00e9s d&rsquo;\u00e9ducation non formelle"},"content":{"rendered":"<div class=\"h5p-iframe-wrapper\"><iframe id=\"h5p-iframe-63\" class=\"h5p-iframe\" data-content-id=\"63\" style=\"height:1px\" src=\"about:blank\" frameBorder=\"0\" scrolling=\"no\" title=\"M\u00e9thodes et activit\u00e9s d&#039;\u00e9ducation non formelle\"><\/iframe><\/div>\n\n\n\n<div style=\"height:20px\" aria-hidden=\"true\" class=\"wp-block-spacer\"><\/div>\n\n\n\n<div class=\"wp-block-buttons is-layout-flex wp-block-buttons-is-layout-flex\">\n<div class=\"wp-block-button\"><a class=\"wp-block-button__link wp-element-button\" href=\"https:\/\/nuggets.esc2learn.com\/fr\/m-nuggets\/\">Accueil<\/a><\/div>\n\n\n\n<div class=\"wp-block-button\"><a class=\"wp-block-button__link wp-element-button\" href=\"https:\/\/www.esc2learn.org\/elearning\/course\/view.php?id=244\" target=\"_blank\" rel=\"noreferrer noopener\">Visite un cours<\/a><\/div>\n<\/div>\n\n\n\n<p><\/p>\n","protected":false},"excerpt":{"rendered":"","protected":false},"author":1,"featured_media":0,"parent":685,"menu_order":0,"comment_status":"closed","ping_status":"closed","template":"","meta":{"pagelayer_contact_templates":[],"_pagelayer_content":"","_kadence_starter_templates_imported_post":false,"footnotes":""},"class_list":["post-737","page","type-page","status-publish","hentry"],"_links":{"self":[{"href":"https:\/\/nuggets.esc2learn.com\/fr\/wp-json\/wp\/v2\/pages\/737","targetHints":{"allow":["GET"]}}],"collection":[{"href":"https:\/\/nuggets.esc2learn.com\/fr\/wp-json\/wp\/v2\/pages"}],"about":[{"href":"https:\/\/nuggets.esc2learn.com\/fr\/wp-json\/wp\/v2\/types\/page"}],"author":[{"embeddable":true,"href":"https:\/\/nuggets.esc2learn.com\/fr\/wp-json\/wp\/v2\/users\/1"}],"replies":[{"embeddable":true,"href":"https:\/\/nuggets.esc2learn.com\/fr\/wp-json\/wp\/v2\/comments?post=737"}],"version-history":[{"count":6,"href":"https:\/\/nuggets.esc2learn.com\/fr\/wp-json\/wp\/v2\/pages\/737\/revisions"}],"predecessor-version":[{"id":850,"href":"https:\/\/nuggets.esc2learn.com\/fr\/wp-json\/wp\/v2\/pages\/737\/revisions\/850"}],"up":[{"embeddable":true,"href":"https:\/\/nuggets.esc2learn.com\/fr\/wp-json\/wp\/v2\/pages\/685"}],"wp:attachment":[{"href":"https:\/\/nuggets.esc2learn.com\/fr\/wp-json\/wp\/v2\/media?parent=737"}],"curies":[{"name":"wp","href":"https:\/\/api.w.org\/{rel}","templated":true}]}}