{"id":706,"date":"2025-05-16T19:52:02","date_gmt":"2025-05-16T19:52:02","guid":{"rendered":"https:\/\/nuggets.esc2learn.com\/?page_id=706"},"modified":"2025-05-16T20:19:29","modified_gmt":"2025-05-16T20:19:29","slug":"digital-and-computer-skills-social-media","status":"publish","type":"page","link":"https:\/\/nuggets.esc2learn.com\/fr\/m-nuggets\/digital-and-computer-skills-social-media\/","title":{"rendered":"Comp\u00e9tences num\u00e9riques et informatiques &#8211; R\u00e9seaux sociaux"},"content":{"rendered":"<div class=\"h5p-iframe-wrapper\"><iframe id=\"h5p-iframe-21\" class=\"h5p-iframe\" data-content-id=\"21\" style=\"height:1px\" src=\"about:blank\" frameBorder=\"0\" scrolling=\"no\" title=\"Comp\u00e9tences num\u00e9riques et informatiques - R\u00e9seaux sociaux\"><\/iframe><\/div>\n\n\n\n<div style=\"height:20px\" aria-hidden=\"true\" class=\"wp-block-spacer\"><\/div>\n\n\n\n<div class=\"wp-block-buttons is-layout-flex wp-block-buttons-is-layout-flex\">\n<div class=\"wp-block-button\"><a class=\"wp-block-button__link wp-element-button\" href=\"https:\/\/nuggets.esc2learn.com\/fr\/m-nuggets\/\">Accueil<\/a><\/div>\n\n\n\n<div class=\"wp-block-button\"><a class=\"wp-block-button__link wp-element-button\" href=\"https:\/\/www.esc2learn.org\/elearning\/course\/view.php?id=205\" target=\"_blank\" rel=\"noreferrer noopener\">Visite un cours<\/a><\/div>\n<\/div>\n\n\n\n<p><\/p>\n","protected":false},"excerpt":{"rendered":"","protected":false},"author":1,"featured_media":0,"parent":685,"menu_order":0,"comment_status":"closed","ping_status":"closed","template":"","meta":{"pagelayer_contact_templates":[],"_pagelayer_content":"","_kadence_starter_templates_imported_post":false,"footnotes":""},"class_list":["post-706","page","type-page","status-publish","hentry"],"_links":{"self":[{"href":"https:\/\/nuggets.esc2learn.com\/fr\/wp-json\/wp\/v2\/pages\/706","targetHints":{"allow":["GET"]}}],"collection":[{"href":"https:\/\/nuggets.esc2learn.com\/fr\/wp-json\/wp\/v2\/pages"}],"about":[{"href":"https:\/\/nuggets.esc2learn.com\/fr\/wp-json\/wp\/v2\/types\/page"}],"author":[{"embeddable":true,"href":"https:\/\/nuggets.esc2learn.com\/fr\/wp-json\/wp\/v2\/users\/1"}],"replies":[{"embeddable":true,"href":"https:\/\/nuggets.esc2learn.com\/fr\/wp-json\/wp\/v2\/comments?post=706"}],"version-history":[{"count":5,"href":"https:\/\/nuggets.esc2learn.com\/fr\/wp-json\/wp\/v2\/pages\/706\/revisions"}],"predecessor-version":[{"id":718,"href":"https:\/\/nuggets.esc2learn.com\/fr\/wp-json\/wp\/v2\/pages\/706\/revisions\/718"}],"up":[{"embeddable":true,"href":"https:\/\/nuggets.esc2learn.com\/fr\/wp-json\/wp\/v2\/pages\/685"}],"wp:attachment":[{"href":"https:\/\/nuggets.esc2learn.com\/fr\/wp-json\/wp\/v2\/media?parent=706"}],"curies":[{"name":"wp","href":"https:\/\/api.w.org\/{rel}","templated":true}]}}